{"id":29784,"date":"2026-02-03T21:30:22","date_gmt":"2026-02-03T20:30:22","guid":{"rendered":"https:\/\/thenutricult.com\/?page_id=29784"},"modified":"2026-02-04T12:05:27","modified_gmt":"2026-02-04T11:05:27","slug":"14-day-satisfaction-guarantee","status":"publish","type":"page","link":"https:\/\/thenutricult.com\/en\/14-day-satisfaction-guarantee\/","title":{"rendered":"14-day satisfaction guarantee"},"content":{"rendered":"<div data-elementor-type=\"wp-page\" data-elementor-id=\"29784\" class=\"elementor elementor-29784\" data-elementor-post-type=\"page\">\n\t\t\t\t<div class=\"wd-negative-gap elementor-element elementor-element-2eb31339 e-flex e-con-boxed e-con e-parent\" data-id=\"2eb31339\" data-element_type=\"container\" data-e-type=\"container\">\n\t\t\t\t\t<div class=\"e-con-inner\">\n\t\t\t\t<div class=\"elementor-element elementor-element-620e380 elementor-widget elementor-widget-wd_text_block\" data-id=\"620e380\" data-element_type=\"widget\" data-e-type=\"widget\" data-widget_type=\"wd_text_block.default\">\n\t\t\t\t<div class=\"elementor-widget-container\">\n\t\t\t\t\t\t\t<div class=\"wd-text-block reset-last-child text-left\">\n\t\t\t\n\t\t\t<h1>14-DAY SATISFACTION GUARANTEE<\/h1>\n\t\t\t\t\t<\/div>\n\t\t\t\t\t\t<\/div>\n\t\t\t\t<\/div>\n\t\t\t\t<div class=\"elementor-element elementor-element-4acb78b2 color-scheme-inherit text-left elementor-widget elementor-widget-text-editor\" data-id=\"4acb78b2\" data-element_type=\"widget\" data-e-type=\"widget\" data-widget_type=\"text-editor.default\">\n\t\t\t\t\t\t\t\t\t\n<p class=\"has-black-color has-text-color has-link-color wp-elements-313385fc9eafd6ed8b86ea7a7cf9a395\">This warranty applies only to the first purchase.<\/p>\n\n\n\n<p class=\"has-black-color has-text-color has-link-color wp-elements-9c542f25f15c7e13abd8e6925f4a68b4\">If Green Ritual\u2122 does not suit you, you can write to us within 14 days of receiving your order.<\/p>\n\n\n\n<p class=\"has-black-color has-text-color has-link-color wp-elements-d749af3d4acb7c974af2bccfe3aab850\">In order to process the refund it will be necessary to return the product, and once it has been received, the amount of the product will be refunded.<\/p>\n\n\n\n<p class=\"has-black-color has-text-color has-link-color wp-elements-f09380679799daed208eef585c3d5c48\">Shipping costs are non-refundable.<\/p>\n\n\n\n<p class=\"has-black-color has-text-color has-link-color wp-elements-d9b82318c6e8a4df11ae2aa7b4620fc3\">Every body is different and we want you to try it without pressure.<\/p>\n\n\n\n<p class=\"has-black-color has-text-color has-link-color wp-elements-10526f4d30410b83593901aa327eb2be\">Indications:<br>It is a guarantee of satisfaction, not of results or effects.<\/p>\n\t\t\t\t\t\t\t\t<\/div>\n\t\t\t\t\t<\/div>\n\t\t\t\t<\/div>\n\t\t\t\t<\/div>","protected":false},"excerpt":{"rendered":"<p>GARANTIA DE SATISFACCI\u00d3N DE 14 D\u00cdAS Esta garant\u00eda se aplica \u00fanicamente a la primera compra. Si Green Ritual\u2122 no encaja<\/p>","protected":false},"author":2,"featured_media":0,"parent":0,"menu_order":0,"comment_status":"closed","ping_status":"closed","template":"","meta":{"_monsterinsights_skip_tracking":false,"_monsterinsights_sitenote_active":false,"_monsterinsights_sitenote_note":"","_monsterinsights_sitenote_category":0,"_uf_show_specific_survey":0,"_uf_disable_surveys":false,"footnotes":""},"class_list":["post-29784","page","type-page","status-publish","hentry"],"aioseo_notices":[],"_links":{"self":[{"href":"https:\/\/thenutricult.com\/en\/wp-json\/wp\/v2\/pages\/29784","targetHints":{"allow":["GET"]}}],"collection":[{"href":"https:\/\/thenutricult.com\/en\/wp-json\/wp\/v2\/pages"}],"about":[{"href":"https:\/\/thenutricult.com\/en\/wp-json\/wp\/v2\/types\/page"}],"author":[{"embeddable":true,"href":"https:\/\/thenutricult.com\/en\/wp-json\/wp\/v2\/users\/2"}],"replies":[{"embeddable":true,"href":"https:\/\/thenutricult.com\/en\/wp-json\/wp\/v2\/comments?post=29784"}],"version-history":[{"count":8,"href":"https:\/\/thenutricult.com\/en\/wp-json\/wp\/v2\/pages\/29784\/revisions"}],"predecessor-version":[{"id":29803,"href":"https:\/\/thenutricult.com\/en\/wp-json\/wp\/v2\/pages\/29784\/revisions\/29803"}],"wp:attachment":[{"href":"https:\/\/thenutricult.com\/en\/wp-json\/wp\/v2\/media?parent=29784"}],"curies":[{"name":"wp","href":"https:\/\/api.w.org\/{rel}","templated":true}]}}